{"id":4569,"date":"2021-08-26T08:14:21","date_gmt":"2021-08-26T05:14:21","guid":{"rendered":"https:\/\/basaranisi.com\/mobiluygulama\/?page_id=4569"},"modified":"2021-12-01T09:53:12","modified_gmt":"2021-12-01T06:53:12","slug":"bayi-haberleri","status":"publish","type":"page","link":"https:\/\/basaranisi.com\/mobiluygulama\/bayi-haberleri\/","title":{"rendered":"Bayi Haberleri"},"content":{"rendered":"\t\t<div data-elementor-type=\"wp-page\" data-elementor-id=\"4569\" class=\"elementor elementor-4569\" data-elementor-settings=\"[]\">\n\t\t\t\t\t\t\t<div class=\"elementor-section-wrap\">\n\t\t\t\t\t        <section class=\"elementor-section elementor-top-section elementor-element elementor-element-65b984b elementor-section-boxed elementor-section-height-default elementor-section-height-default\" data-id=\"65b984b\" data-element_type=\"section\" data-settings=\"{&quot;_ha_eqh_enable&quot;:false}\">\n            \n                        <div class=\"elementor-container elementor-column-gap-default \">\n                    <div class=\"elementor-column elementor-col-100 elementor-top-column elementor-element elementor-element-175039e\" data-id=\"175039e\" data-element_type=\"column\">\n            <div class=\"elementor-widget-wrap\">\n                                    <\/div>\n        <\/div>\n                            <\/div>\n        <\/section>\n        \t\t\t\t<\/div>\n\t\t\t\t\t<\/div>\n\t\t","protected":false},"excerpt":{"rendered":"<p>G\u00f6lba\u015f\u0131 \u00dcnes \u0130n\u015faat Projesi Ba\u015faran Is\u0131 30 Kas\u0131m 2021 Ankara G\u00f6lba\u015f\u0131&#8217;n\u0131n en \u00f6nemli projelerinden biri olan \u00dcnes \u0130n\u015faat&#8217;ta Daylux Premix Kombi ve Daylux Panel&hellip; Devam\u0131n\u0131 Oku \u00bb \u00dcniversiteler de Se\u00e7imini Daikinden Yana Kullan\u0131yor Ba\u015faran Is\u0131 30 Kas\u0131m 2021 \u0130klimlendirme sekt\u00f6r\u00fcnde y\u00fcksek teknolojiye sahip geni\u015f \u00fcr\u00fcn gam\u0131yla hizmet veren Daikin, her t\u00fcr yap\u0131 i\u00e7in&hellip; Devam\u0131n\u0131 Oku&#8230;<\/p>\n","protected":false},"author":1,"featured_media":0,"parent":0,"menu_order":0,"comment_status":"closed","ping_status":"closed","template":"","meta":{"footnotes":""},"class_list":["post-4569","page","type-page","status-publish","hentry"],"_links":{"self":[{"href":"https:\/\/basaranisi.com\/mobiluygulama\/wp-json\/wp\/v2\/pages\/4569","targetHints":{"allow":["GET"]}}],"collection":[{"href":"https:\/\/basaranisi.com\/mobiluygulama\/wp-json\/wp\/v2\/pages"}],"about":[{"href":"https:\/\/basaranisi.com\/mobiluygulama\/wp-json\/wp\/v2\/types\/page"}],"author":[{"embeddable":true,"href":"https:\/\/basaranisi.com\/mobiluygulama\/wp-json\/wp\/v2\/users\/1"}],"replies":[{"embeddable":true,"href":"https:\/\/basaranisi.com\/mobiluygulama\/wp-json\/wp\/v2\/comments?post=4569"}],"version-history":[{"count":20,"href":"https:\/\/basaranisi.com\/mobiluygulama\/wp-json\/wp\/v2\/pages\/4569\/revisions"}],"predecessor-version":[{"id":5483,"href":"https:\/\/basaranisi.com\/mobiluygulama\/wp-json\/wp\/v2\/pages\/4569\/revisions\/5483"}],"wp:attachment":[{"href":"https:\/\/basaranisi.com\/mobiluygulama\/wp-json\/wp\/v2\/media?parent=4569"}],"curies":[{"name":"wp","href":"https:\/\/api.w.org\/{rel}","templated":true}]}}